{"id":165,"date":"2026-01-12T14:01:08","date_gmt":"2026-01-12T14:01:08","guid":{"rendered":"https:\/\/nhp-jeker.ch\/?page_id=165"},"modified":"2026-01-13T16:14:48","modified_gmt":"2026-01-13T16:14:48","slug":"diagnostik","status":"publish","type":"page","link":"https:\/\/nhp-jeker.ch\/?page_id=165","title":{"rendered":"Diagnostik"},"content":{"rendered":"\n\n\t<h1><strong>Diagnostik<\/strong><\/h1>\n\t<h3><strong>Die Irisdiagnostik<\/strong><\/h3>\n<h3>liefert uns Informationen \u00fcber den Organismus, wie sie sonst mit keiner Methode zu erhalten sind: Konstitutionsdiagnostik, Mesenchymdiagnostik, Organdiagnostik, neurologische Diagnostik, Gef\u00e4ssdiagnostik und vieles mehr l\u00e4sst sich beim Blick auf das Auge betreiben. Insbesondere der in der Iris ersichtliche \u00abS\u00e4ftefluss\u00bb nach humoralmedizinischen Aspekten kann viele Zusammenh\u00e4nge aufzeigen, welche die Pathogenese von chronischen Krankheiten erkl\u00e4rt. Mittels Befunderhebung aus dem Auge k\u00f6nnen dann individuelle Therapiekonzepte ausgearbeitet werden &#8211; auch pr\u00e4ventiv.<\/h3>\n<p>&nbsp;<\/p>\n\t<h3><strong>Die Irisdiagnostik<\/strong><\/h3>\n<h3>liefert uns Informationen \u00fcber den Organismus, wie sie sonst mit keiner Methode zu erhalten sind: Konstitutionsdiagnostik, Mesenchymdiagnostik, Organdiagnostik, neurologische Diagnostik, Gef\u00e4ssdiagnostik und vieles mehr l\u00e4sst sich beim Blick auf das Auge betreiben. Insbesondere der in der Iris ersichtliche \u00abS\u00e4ftefluss\u00bb nach humoralmedizinischen Aspekten kann viele Zusammenh\u00e4nge aufzeigen, welche die Pathogenese von chronischen Krankheiten erkl\u00e4rt. Mittels&#8211; Befunderhebung aus dem Auge k\u00f6nnen dann individuelle Therapiekonzepte ausgearbeitet werden &#8211; auch pr\u00e4ventiv.<\/h3>\n\t\t\t\t<img decoding=\"async\" src=\"https:\/\/nhp-jeker.ch\/wp-content\/uploads\/2026\/01\/Willkommen_Auge.jpg\" alt=\"Willkommen_Auge\" itemprop=\"image\" height=\"1417\" width=\"1417\" title=\"Willkommen_Auge\" onerror=\"this.style.display='none'\" loading=\"lazy\" \/>\n\t\t\t<a href=\"\" target=\"_self\">\n\t\t\t\t\t\t\tDiagnostik\n\t\t\t<\/a>\n\t\t\t\t<img decoding=\"async\" src=\"https:\/\/nhp-jeker.ch\/wp-content\/uploads\/2026\/01\/Willkommen_Auge.jpg\" alt=\"Willkommen_Auge\" itemprop=\"image\" height=\"1417\" width=\"1417\" title=\"Willkommen_Auge\" onerror=\"this.style.display='none'\" loading=\"lazy\" \/>\n\t\t\t<a href=\"\" target=\"_self\">\n\t\t\t\t\t\t\tDiagnostik\n\t\t\t<\/a>\n\t\t\t\t<img decoding=\"async\" src=\"https:\/\/nhp-jeker.ch\/wp-content\/uploads\/2026\/01\/Willkommen_Auge.jpg\" alt=\"Willkommen_Auge\" itemprop=\"image\" height=\"1417\" width=\"1417\" title=\"Willkommen_Auge\" onerror=\"this.style.display='none'\" loading=\"lazy\" \/>\n\t\t\t<a href=\"\" target=\"_self\">\n\t\t\t\t\t\t\tDiagnostik\n\t\t\t<\/a>\n\n","protected":false},"excerpt":{"rendered":"<p>Diagnostik Die Irisdiagnostik liefert uns Informationen \u00fcber den Organismus, wie sie sonst mit keiner Methode zu erhalten sind: Konstitutionsdiagnostik, Mesenchymdiagnostik, Organdiagnostik, neurologische Diagnostik, Gef\u00e4ssdiagnostik und vieles mehr l\u00e4sst sich beim Blick auf das Auge betreiben. Insbesondere der in der Iris ersichtliche \u00abS\u00e4ftefluss\u00bb nach humoralmedizinischen Aspekten kann viele Zusammenh\u00e4nge aufzeigen, welche die Pathogenese von chronischen Krankheiten&hellip;<\/p>\n","protected":false},"author":1,"featured_media":0,"parent":0,"menu_order":0,"comment_status":"closed","ping_status":"closed","template":"","meta":{"footnotes":""},"class_list":["post-165","page","type-page","status-publish","hentry"],"_links":{"self":[{"href":"https:\/\/nhp-jeker.ch\/index.php?rest_route=\/wp\/v2\/pages\/165","targetHints":{"allow":["GET"]}}],"collection":[{"href":"https:\/\/nhp-jeker.ch\/index.php?rest_route=\/wp\/v2\/pages"}],"about":[{"href":"https:\/\/nhp-jeker.ch\/index.php?rest_route=\/wp\/v2\/types\/page"}],"author":[{"embeddable":true,"href":"https:\/\/nhp-jeker.ch\/index.php?rest_route=\/wp\/v2\/users\/1"}],"replies":[{"embeddable":true,"href":"https:\/\/nhp-jeker.ch\/index.php?rest_route=%2Fwp%2Fv2%2Fcomments&post=165"}],"version-history":[{"count":11,"href":"https:\/\/nhp-jeker.ch\/index.php?rest_route=\/wp\/v2\/pages\/165\/revisions"}],"predecessor-version":[{"id":203,"href":"https:\/\/nhp-jeker.ch\/index.php?rest_route=\/wp\/v2\/pages\/165\/revisions\/203"}],"wp:attachment":[{"href":"https:\/\/nhp-jeker.ch\/index.php?rest_route=%2Fwp%2Fv2%2Fmedia&parent=165"}],"curies":[{"name":"wp","href":"https:\/\/api.w.org\/{rel}","templated":true}]}}