{"id":147,"date":"2026-01-12T11:39:47","date_gmt":"2026-01-12T11:39:47","guid":{"rendered":"https:\/\/nhp-jeker.ch\/?page_id=147"},"modified":"2026-01-12T14:48:15","modified_gmt":"2026-01-12T14:48:15","slug":"portrait","status":"publish","type":"page","link":"https:\/\/nhp-jeker.ch\/?page_id=147","title":{"rendered":"Portrait"},"content":{"rendered":"\n\n\t<h1><strong>Portrait<\/strong><\/h1>\n\t<h3>Mein Name ist Iris Jeker, ich lebe in Holderbank (SO) mitten im Herzen der Natur.<\/h3>\n<h3>Ich bin sehr naturverbunden, bin gerne am Wandern mit meinem Mann und unserem Hund, kochen mit meinem eigenen Gem\u00fcse und Gartenarbeiten geh\u00f6ren in meinen Alltag sowie unsere f\u00fcnf H\u00fchner.<\/h3>\n<h3>Zur Naturheilkunde kam ich durch meine Familie. Bei Themen wie Allergien, HNO &#8211; Beschwerden und st\u00e4ndige Kopfschmerzen, kamen wir mit der heutigen Schulmedizin an die Grenzen, was uns den Weg zur Naturkeilkunde \u00f6ffnete. Individuelle M\u00f6glichkeiten, haben Linderung gebracht, heisst: die Problematik bei den Wurzeln anzupacken und nicht symptomatisch hinterher zu therapieren. Somit war bald klar nach der Fussreflexzonen- und Ern\u00e4hrungsausbildung, schlussendlich die ganze Ausbildung als Naturheilpraktikerin TEN abzuschliessen.<\/h3>\n<p>&nbsp;<\/p>\n\t<h4><strong>Ausbildungen:<br \/>\n<\/strong>&#8211; Dipl. Lymphdrainagetherapeutin<br \/>\n&#8211; Dipl. Naturheilpraktikerin TEN<br \/>\n&#8211; Dipl. klassische Massagetherapeutin<br \/>\n&#8211; Dipl. Fussreflextherapeutin<br \/>\n&#8211; Servicefachangestellte (1. Ausbildung)<\/h4>\n<h4><strong>Praktikum:<br \/>\n<\/strong>&#8211; NHP TEN Paul H\u00e4nni, Kehrsatz<\/h4>\n<h4><strong>Aktuell:<br \/>\n<\/strong>&#8211; im Zwischenverfahren zur Eidg. Pr\u00fcfung NHP TEN<\/h4>\n\n<h4><strong>Bei allen Therapien Krankenkassenanerkannt<br \/>\n<\/strong>Wichtig ist, dass Du dich im Voraus bei deiner Krankenkasse informierst, ob die Behandlungskosten \u00fcbernommen werden.<\/h4>\n\n<h4>Im Verhinderungsfall bitte ich Dich, Deinen Termin sp\u00e4testens 48 Stunden im Voraus abzusagen, andernfalls werden die Kosten verrechnet.<\/h4>\n\t\t\t\t<img decoding=\"async\" src=\"https:\/\/nhp-jeker.ch\/wp-content\/uploads\/2026\/01\/Willkommen_Auge.jpg\" alt=\"Willkommen_Auge\" itemprop=\"image\" height=\"1417\" width=\"1417\" title=\"Willkommen_Auge\" onerror=\"this.style.display='none'\" loading=\"lazy\" \/>\n\t\t\t<a href=\"\" target=\"_self\">\n\t\t\t\t\t\t\tDiagnostik\n\t\t\t<\/a>\n\t\t\t\t<img decoding=\"async\" src=\"https:\/\/nhp-jeker.ch\/wp-content\/uploads\/2026\/01\/Willkommen_Auge.jpg\" alt=\"Willkommen_Auge\" itemprop=\"image\" height=\"1417\" width=\"1417\" title=\"Willkommen_Auge\" onerror=\"this.style.display='none'\" loading=\"lazy\" \/>\n\t\t\t<a href=\"\" target=\"_self\">\n\t\t\t\t\t\t\tDiagnostik\n\t\t\t<\/a>\n\t\t\t\t<img decoding=\"async\" src=\"https:\/\/nhp-jeker.ch\/wp-content\/uploads\/2026\/01\/Willkommen_Auge.jpg\" alt=\"Willkommen_Auge\" itemprop=\"image\" height=\"1417\" width=\"1417\" title=\"Willkommen_Auge\" onerror=\"this.style.display='none'\" loading=\"lazy\" \/>\n\t\t\t<a href=\"\" target=\"_self\">\n\t\t\t\t\t\t\tDiagnostik\n\t\t\t<\/a>\n\n","protected":false},"excerpt":{"rendered":"<p>Portrait Mein Name ist Iris Jeker, ich lebe in Holderbank (SO) mitten im Herzen der Natur. Ich bin sehr naturverbunden, bin gerne am Wandern mit meinem Mann und unserem Hund, kochen mit meinem eigenen Gem\u00fcse und Gartenarbeiten geh\u00f6ren in meinen Alltag sowie unsere f\u00fcnf H\u00fchner. Zur Naturheilkunde kam ich durch meine Familie. Bei Themen wie&hellip;<\/p>\n","protected":false},"author":1,"featured_media":0,"parent":0,"menu_order":0,"comment_status":"closed","ping_status":"closed","template":"","meta":{"footnotes":""},"class_list":["post-147","page","type-page","status-publish","hentry"],"_links":{"self":[{"href":"https:\/\/nhp-jeker.ch\/index.php?rest_route=\/wp\/v2\/pages\/147","targetHints":{"allow":["GET"]}}],"collection":[{"href":"https:\/\/nhp-jeker.ch\/index.php?rest_route=\/wp\/v2\/pages"}],"about":[{"href":"https:\/\/nhp-jeker.ch\/index.php?rest_route=\/wp\/v2\/types\/page"}],"author":[{"embeddable":true,"href":"https:\/\/nhp-jeker.ch\/index.php?rest_route=\/wp\/v2\/users\/1"}],"replies":[{"embeddable":true,"href":"https:\/\/nhp-jeker.ch\/index.php?rest_route=%2Fwp%2Fv2%2Fcomments&post=147"}],"version-history":[{"count":10,"href":"https:\/\/nhp-jeker.ch\/index.php?rest_route=\/wp\/v2\/pages\/147\/revisions"}],"predecessor-version":[{"id":180,"href":"https:\/\/nhp-jeker.ch\/index.php?rest_route=\/wp\/v2\/pages\/147\/revisions\/180"}],"wp:attachment":[{"href":"https:\/\/nhp-jeker.ch\/index.php?rest_route=%2Fwp%2Fv2%2Fmedia&parent=147"}],"curies":[{"name":"wp","href":"https:\/\/api.w.org\/{rel}","templated":true}]}}